{"id":1315,"date":"2017-08-17T04:15:43","date_gmt":"2017-08-17T04:15:43","guid":{"rendered":"https:\/\/www.hydrek.sk\/about\/"},"modified":"2022-06-01T07:48:40","modified_gmt":"2022-06-01T07:48:40","slug":"about","status":"publish","type":"page","link":"https:\/\/www.hydrek.sk\/sk\/","title":{"rendered":"\u00davod"},"content":{"rendered":"<div id=\"pl-1315\"  class=\"panel-layout\" ><div id=\"pg-1315-0\"  class=\"panel-grid panel-has-style\" ><div class=\"panel-row-style panel-row-style-for-1315-0\" ><div id=\"pgc-1315-0-0\"  class=\"panel-grid-cell\" >\n\n        <div id=\"panel-1315-0-0-0\" class=\"so-panel widget widget_kadence_calltoaction_widget kadence_calltoaction_widget panel-first-child panel-last-child\" data-index=\"0\" ><div class=\"kt-pb-animation kt-pb-fadeIn kt-pb-duration-900 kt-pb-delay-0 panel-widget-style panel-widget-style-for-1315-0-0-0\" ><div class=\"kt-ctaw clearfix\"><h2 class=\"kt-call-to-action-title\" style=\"color:#16682f; font-size:42px; line-height:1; text-align:center; font-weight:600;\"  data-max-size=\"42\" data-min-size=\"42\">Na\u0161e slu\u017eby<\/h2><\/div><\/div><\/div>\n    <\/div><\/div><\/div><div id=\"pg-1315-1\"  class=\"panel-grid panel-has-style\" ><div class=\"panel-row-style panel-row-style-for-1315-1\" ><div id=\"pgc-1315-1-0\"  class=\"panel-grid-cell\" >\n\n          <div id=\"panel-1315-1-0-0\" class=\"so-panel widget widget_kadence_infobox_widget kadence_infobox_widget panel-first-child\" data-index=\"1\" ><div class=\"kt-pb-animation kt-pb-fadeInLeft kt-pb-duration-900 kt-pb-delay-0 panel-widget-style panel-widget-style-for-1315-1-0-0\" >\t<a href=\"\/sk\/hydrek-hidraulikai-szerviz\/\" target=\"_self\" class=\"kadinfolink\">\t<div class=\"kad-info-box kad-info-box-673  infoicon-side-right clearfix\" style=\"\n\t\t\t\t\t\t\t\t\t\t\t\t\t \t\">\n\t\t<div class=\"kt-info-icon-case\">\t\t\t \n\t\t\t\t\t\t\t\t\t<div class=\"inner-info-icon-case \n\t\t\t\t\tkad-circle-iconclass\t\t\t\t\t\" style=\"\n\t\t\t\t\tbackground:#16682f;\t\t\twidth:40px; height:40px; \"><i class=\"kt-icon-wrench\" style=\"font-size:30px; \n\t\t\t\t\t\tcolor:#ffffff;\t\t\tline-height:40px;\"><\/i><\/div>\n\t\t\t<\/div>\t\t\t<div class=\"kt-info-content-case\" style=\"\n\t\t\tcolor:#444444;\t\t\t\">\n\t\t\t\t\t\t\t\t<h4 style=\"\n\t\t\t\t\tcolor:#444444;\t\t\t\t\t\">Servis hydrauliky<\/h4>\n\t\t\t\tNa\u0161e hydraulick\u00e9 slu\u017eby - \u0161tandardn\u00e9, teleskopick\u00e9, pneumatick\u00e9 valce, servis extr\u00faznych lisov, n\u00e1vrh, v\u00fdroba, oprava, in\u0161tal\u00e1cia na mieste<\/div>\t<\/div>\n\t<\/a><\/div><\/div>\n    \n\n          <div id=\"panel-1315-1-0-1\" class=\"so-panel widget widget_kadence_infobox_widget kadence_infobox_widget panel-last-child\" data-index=\"2\" ><div class=\"kt-pb-animation kt-pb-fadeInLeft kt-pb-duration-900 kt-pb-delay-0 panel-widget-style panel-widget-style-for-1315-1-0-1\" >\t<a href=\"\/sk\/felvevohelyeink\" target=\"_self\" class=\"kadinfolink\">\t<div class=\"kad-info-box kad-info-box-124  infoicon-side-right clearfix\" style=\"\n\t\t\t\t\t\t\t\t\t\t\t\t\t \t\">\n\t\t<div class=\"kt-info-icon-case\">\t\t\t \n\t\t\t\t\t\t\t\t\t<div class=\"inner-info-icon-case \n\t\t\t\t\tkad-circle-iconclass\t\t\t\t\t\" style=\"\n\t\t\t\t\tbackground:#f72515;\t\t\twidth:40px; height:40px; \"><i class=\"kt-icon-automobile\" style=\"font-size:30px; \n\t\t\t\t\t\tcolor:#ffffff;\t\t\tline-height:40px;\"><\/i><\/div>\n\t\t\t<\/div>\t\t\t<div class=\"kt-info-content-case\" style=\"\n\t\t\tcolor:#444444;\t\t\t\">\n\t\t\t\t\t\t\t\t<h4 style=\"\n\t\t\t\t\tcolor:#444444;\t\t\t\t\t\">Na\u0161e zbern\u00e9 stredisk\u00e1<\/h4>\n\t\t\t\tOdbern\u00e9 miesta Severn\u00e9 ma\u010farsko<\/div>\t<\/div>\n\t<\/a><\/div><\/div>\n    <\/div><div id=\"pgc-1315-1-1\"  class=\"panel-grid-cell\" >\n\n          <div id=\"panel-1315-1-1-0\" class=\"so-panel widget widget_kadence_infobox_widget kadence_infobox_widget panel-first-child\" data-index=\"3\" ><div class=\"kt-pb-animation kt-pb-fadeInRight kt-pb-duration-900 kt-pb-delay-0 panel-widget-style panel-widget-style-for-1315-1-1-0\" >\t<a href=\"\/sk\/miert-a-hydrek\" target=\"_self\" class=\"kadinfolink\">\t<div class=\"kad-info-box kad-info-box-180  infoicon-side-left clearfix\" style=\"\n\t\t\t\t\t\t\t\t\t\t\t\t\t \t\">\n\t\t<div class=\"kt-info-icon-case\">\t\t\t \n\t\t\t\t\t\t\t\t\t<div class=\"inner-info-icon-case \n\t\t\t\t\tkad-circle-iconclass\t\t\t\t\t\" style=\"\n\t\t\t\t\tbackground:#fece15;\t\t\twidth:40px; height:40px; \"><i class=\"kt-icon-rocket2\" style=\"font-size:30px; \n\t\t\t\t\t\tcolor:#ffffff;\t\t\tline-height:40px;\"><\/i><\/div>\n\t\t\t<\/div>\t\t\t<div class=\"kt-info-content-case\" style=\"\n\t\t\tcolor:#444444;\t\t\t\">\n\t\t\t\t\t\t\t\t<h4 style=\"\n\t\t\t\t\tcolor:#444444;\t\t\t\t\t\">Pre\u010do Hydrek?<\/h4>\n\t\t\t\tPozrite si d\u00f4vody, pre\u010do spolupracova\u0165 s Hydrek - 20 rokov sk\u00fasenost\u00ed, 14 000 valcov, opravy typicky do 48 hod\u00edn... a \u010fal\u0161ie<\/div>\t<\/div>\n\t<\/a><\/div><\/div>\n    \n\n          <div id=\"panel-1315-1-1-1\" class=\"so-panel widget widget_kadence_infobox_widget kadence_infobox_widget panel-last-child\" data-index=\"4\" ><div class=\"kt-pb-animation kt-pb-fadeInRight kt-pb-duration-900 kt-pb-delay-0 panel-widget-style panel-widget-style-for-1315-1-1-1\" >\t<a href=\"\/ajanlatkeres\" target=\"_self\" class=\"kadinfolink\">\t<div class=\"kad-info-box kad-info-box-116  infoicon-side-left clearfix\" style=\"\n\t\t\t\t\t\t\t\t\t\t\t\t\t \t\">\n\t\t<div class=\"kt-info-icon-case\">\t\t\t \n\t\t\t\t\t\t\t\t\t<div class=\"inner-info-icon-case \n\t\t\t\t\tkad-circle-iconclass\t\t\t\t\t\" style=\"\n\t\t\t\t\tbackground:#4f8290;\t\t\twidth:40px; height:40px; \"><i class=\"kt-icon-bullhorn\" style=\"font-size:30px; \n\t\t\t\t\t\tcolor:#ffffff;\t\t\tline-height:40px;\"><\/i><\/div>\n\t\t\t<\/div>\t\t\t<div class=\"kt-info-content-case\" style=\"\n\t\t\tcolor:#444444;\t\t\t\">\n\t\t\t\t\t\t\t\t<h4 style=\"\n\t\t\t\t\tcolor:#444444;\t\t\t\t\t\">Z\u00edskaj ponuku<\/h4>\n\t\t\t\tVy\u017eiadajte si cenov\u00fa ponuku<\/div>\t<\/div>\n\t<\/a><\/div><\/div>\n    <\/div><\/div><\/div><div id=\"pg-1315-2\"  class=\"panel-grid panel-has-style\" ><div id=\"partneri\" class=\"panel-row-style panel-row-style-for-1315-2\" ><div id=\"pgc-1315-2-0\"  class=\"panel-grid-cell\" >\n\n        <div id=\"panel-1315-2-0-0\" class=\"so-panel widget widget_kadence_calltoaction_widget kadence_calltoaction_widget panel-first-child\" data-index=\"5\" ><div class=\"kt-pb-animation kt-pb-fadeInUp kt-pb-duration-1200 kt-pb-delay-0 panel-widget-style panel-widget-style-for-1315-2-0-0\" ><div class=\"kt-ctaw clearfix\"><h2 class=\"kt-call-to-action-title\" style=\"color:#16682f; font-size:42px; line-height:1; text-align:center; font-weight:600;\"  data-max-size=\"42\" data-min-size=\"42\">Na\u0161i partneri<\/h2><h5 class=\"kt-call-to-action-subtitle\" style=\"color:#777777; font-size:18px; line-height:1; text-align:center; font-weight:400;\"  data-max-size=\"18\" data-min-size=\"18\">Pre n\u00e1s je t\u00fdm najd\u00f4le\u017eitej\u0161\u00edm aspektom spokojnos\u0165 z\u00e1kazn\u00edka. Preto je pre n\u00e1s pr\u00edrodzen\u00fdm, \u017ee po\u010das opr\u00e1v vyu\u017e\u00edvame iba tie najkvalitnej\u0161ie s\u00fa\u010diastky. Na\u0161imi dod\u00e1vate\u013emi s\u00fa iba medzin\u00e1rodne renomovan\u00e9 spolo\u010dnosti. Preh\u013ead t\u00fdchto spolo\u010dnost\u00ed:<\/h5><\/div><\/div><\/div>\n    <div id=\"panel-1315-2-0-1\" class=\"so-panel widget widget_black-studio-tinymce widget_black_studio_tinymce panel-last-child\" data-index=\"6\" ><div class=\"textwidget\"><ul class=\"kiwi-logo-carousel kiwi-logo-carousel-partneri default align-center col4\"><li style=\"height:150px;\" ><div class=\"helper\" style=\"height:150px; width:200px;\" ><img src=\"https:\/\/www.hydrek.sk\/wp-content\/uploads\/2018\/04\/partner3.jpg\" alt=\"Hennlich s.r.o. T\u00far\u00f3cszentm\u00e1rton (Martin)\" title=\"Hennlich s.r.o. T\u00far\u00f3cszentm\u00e1rton (Martin)\" style=\"max-width:200px; padding-left: 0px; padding-right:0px\" ><\/div><\/li><li style=\"height:150px;\" ><div class=\"helper\" style=\"height:150px; width:200px;\" ><img src=\"https:\/\/www.hydrek.sk\/wp-content\/uploads\/2018\/04\/partner4.jpg\" alt=\"CK Metal spol. s.r.o. Dunaszerdahely (Dunajsk\u00e1 Streda)\" title=\"CK Metal spol. s.r.o. Dunaszerdahely (Dunajsk\u00e1 Streda)\" style=\"max-width:200px; padding-left: 0px; padding-right:0px\" ><\/div><\/li><li style=\"height:150px;\" ><div class=\"helper\" style=\"height:150px; width:200px;\" ><img src=\"https:\/\/www.hydrek.sk\/wp-content\/uploads\/2018\/04\/partner5.jpg\" alt=\"TESNENIA - SEAL Servis s.r.o. Privigye (Prievidza)\" title=\"TESNENIA - SEAL Servis s.r.o. Privigye (Prievidza)\" style=\"max-width:200px; padding-left: 0px; padding-right:0px\" ><\/div><\/li><li style=\"height:150px;\" ><div class=\"helper\" style=\"height:150px; width:200px;\" ><img src=\"https:\/\/www.hydrek.sk\/wp-content\/uploads\/2018\/04\/partner1.jpg\" alt=\"Benteler Distribution Slovakia s.r.o. Pusztaf\u00f6d\u00e9mes (Pust\u00e9 U\u00c4\u00beany)\" title=\"Benteler Distribution Slovakia s.r.o. Pusztaf\u00f6d\u00e9mes (Pust\u00e9 U\u00c4\u00beany)\" style=\"max-width:200px; padding-left: 0px; padding-right:0px\" ><\/div><\/li><li style=\"height:150px;\" ><div class=\"helper\" style=\"height:150px; width:200px;\" ><img src=\"https:\/\/www.hydrek.sk\/wp-content\/uploads\/2018\/04\/partner2.jpg\" alt=\"Diago SF s.r.o. Brezn\u00f3b\u00e1nya (Brezno)\" title=\"Diago SF s.r.o. Brezn\u00f3b\u00e1nya (Brezno)\" style=\"max-width:200px; padding-left: 0px; padding-right:0px\" ><\/div><\/li><\/ul>\n<\/div><\/div><\/div><\/div><\/div><div id=\"pg-1315-3\"  class=\"panel-grid panel-has-style\" ><div id=\"referencie\" class=\"panel-row-style panel-row-style-for-1315-3\" ><div id=\"pgc-1315-3-0\"  class=\"panel-grid-cell\" >\n\n        <div id=\"panel-1315-3-0-0\" class=\"so-panel widget widget_kadence_calltoaction_widget kadence_calltoaction_widget panel-first-child\" data-index=\"7\" ><div class=\"kt-pb-animation kt-pb-fadeIn kt-pb-duration-900 kt-pb-delay-0 panel-widget-style panel-widget-style-for-1315-3-0-0\" ><div class=\"kt-ctaw clearfix\"><h5 class=\"kt-call-to-action-abovetitle\" style=\" font-size:16px; line-height:1; text-align:center; \"  data-max-size=\"16\" data-min-size=\"16\">Pros\u00edm, pozritie si zoznam na\u0161ich najv\u00fdznamnej\u0161\u00edch klientov, na ktor\u00fd sme patri\u010dne hrd\u00ed:<\/h5><h2 class=\"kt-call-to-action-title\" style=\"color:#16682f; font-size:42px; line-height:1; text-align:center; font-weight:600;\"  data-max-size=\"42\" data-min-size=\"42\">Referencie<\/h2><h5 class=\"kt-call-to-action-subtitle\" style=\"color:#777777; font-size:18px; line-height:1; text-align:center; font-weight:400;\"  data-max-size=\"18\" data-min-size=\"18\">Hydrek spol. sr.o. nevykon\u00e1va iba kvalitn\u00fa \u00fadr\u017ebu a flexibiln\u00fd servis hydraulick\u00fdch valcov, za najv\u00fdhodnej\u0161ie ceny v na\u0161om okoli\u00ed, ale m\u00f4\u017ee sa p\u00ed\u0161i\u0165 aj klientelou z okolit\u00fdch kraj\u00edn, na \u010dom sme patri\u010dne hrd\u00fd, a \u010do sa stalo na\u0161ou najv\u00e4\u010d\u0161ou v\u00fdhodou v konkuren\u010dom boji. Za posledn\u00e9 obdobie sme sa rozhodli pon\u00faknu\u0165 na\u0161e slu\u017eby aj z\u00e1hrani\u010dn\u00fdm klientom. Je v\u00fdrazn\u00fdm ocenen\u00edm, \u017ee medzi na\u0161ou klientelou sa nach\u00e1dzaj\u00fa aj medzin\u00e1rodn\u00e9 spolo\u010dnosti a \u0161t\u00e1tne podniky. Netaj\u00edme sa e\u0161te vy\u0161\u0161\u00edmi cie\u013emi, a preto sa sna\u017e\u00edme nadviaza\u0165 nov\u00e9 partnersk\u00e9 vz\u0165ahy. <\/h5><\/div><\/div><\/div>\n    <div id=\"panel-1315-3-0-1\" class=\"so-panel widget widget_black-studio-tinymce widget_black_studio_tinymce\" data-index=\"8\" ><div class=\"textwidget\"><h3 style=\"text-align: center;\">S\u00fakromn\u00fd sektor:<\/h3>\n<ul class=\"kiwi-logo-carousel kiwi-logo-carousel-referencie-privatny default align-center col4\"><li style=\"height:150px;\" ><div class=\"helper\" style=\"height:150px; width:200px;\" ><img src=\"https:\/\/www.hydrek.sk\/wp-content\/uploads\/2018\/04\/ref9.jpg\" alt=\"Nemak Slovakia s.r.o. Garamszentkereszt (\u017diar nad Hronom)\" title=\"Nemak Slovakia s.r.o. Garamszentkereszt (\u017diar nad Hronom)\" style=\"max-width:200px; padding-left: 0px; padding-right:0px\" ><\/div><\/li><li style=\"height:150px;\" ><div class=\"helper\" style=\"height:150px; width:200px;\" ><img src=\"https:\/\/www.hydrek.sk\/wp-content\/uploads\/2018\/04\/ref8.jpg\" alt=\"Mlyn Pohronsk\u00e1 Ruskov a.s. Oroszka (Pohronsk\u00e1 Ruskov)\" title=\"Mlyn Pohronsk\u00e1 Ruskov a.s. Oroszka (Pohronsk\u00e1 Ruskov)\" style=\"max-width:200px; padding-left: 0px; padding-right:0px\" ><\/div><\/li><li style=\"height:150px;\" ><div class=\"helper\" style=\"height:150px; width:200px;\" ><img src=\"https:\/\/www.hydrek.sk\/wp-content\/uploads\/2018\/04\/ref7.jpg\" alt=\"BISO Schrattenecker s.r.o. Nagyszarva (Rohovce)\" title=\"BISO Schrattenecker s.r.o. Nagyszarva (Rohovce)\" style=\"max-width:200px; padding-left: 0px; padding-right:0px\" ><\/div><\/li><li style=\"height:150px;\" ><div class=\"helper\" style=\"height:150px; width:200px;\" ><img src=\"https:\/\/www.hydrek.sk\/wp-content\/uploads\/2018\/04\/ref6.jpg\" alt=\"HP Kontrol s.r.o Z\u00f3lyom (Zvolen)\" title=\"HP Kontrol s.r.o Z\u00f3lyom (Zvolen)\" style=\"max-width:200px; padding-left: 0px; padding-right:0px\" ><\/div><\/li><li style=\"height:150px;\" ><div class=\"helper\" style=\"height:150px; width:200px;\" ><img src=\"https:\/\/www.hydrek.sk\/wp-content\/uploads\/2018\/04\/ref5.jpg\" alt=\"Centex RS, spol. s.r.o. Pozsony (Bratislava)\" title=\"Centex RS, spol. s.r.o. Pozsony (Bratislava)\" style=\"max-width:200px; padding-left: 0px; padding-right:0px\" ><\/div><\/li><li style=\"height:150px;\" ><div class=\"helper\" style=\"height:150px; width:200px;\" ><img src=\"https:\/\/www.hydrek.sk\/wp-content\/uploads\/2018\/04\/ref4.jpg\" alt=\"Jungheinrich s.r.o. Pozsony (Bratislava)\" title=\"Jungheinrich s.r.o. Pozsony (Bratislava)\" style=\"max-width:200px; padding-left: 0px; padding-right:0px\" ><\/div><\/li><li style=\"height:150px;\" ><div class=\"helper\" style=\"height:150px; width:200px;\" ><img src=\"https:\/\/www.hydrek.sk\/wp-content\/uploads\/2018\/04\/ref3.jpg\" alt=\"Brantner Nov\u00e9 Z\u00e1mky s.r.o. \u00c9rsek\u00fajv\u00e1r (Nov\u00e9 Z\u00e1mky)\" title=\"Brantner Nov\u00e9 Z\u00e1mky s.r.o. \u00c9rsek\u00fajv\u00e1r (Nov\u00e9 Z\u00e1mky)\" style=\"max-width:200px; padding-left: 0px; padding-right:0px\" ><\/div><\/li><li style=\"height:150px;\" ><div class=\"helper\" style=\"height:150px; width:200px;\" ><img src=\"https:\/\/www.hydrek.sk\/wp-content\/uploads\/2018\/04\/ref2.jpg\" alt=\"REDOX s.r.o. Losonc (Lu\u010denec)\" title=\"REDOX s.r.o. Losonc (Lu\u010denec)\" style=\"max-width:200px; padding-left: 0px; padding-right:0px\" ><\/div><\/li><li style=\"height:150px;\" ><div class=\"helper\" style=\"height:150px; width:200px;\" ><img src=\"https:\/\/www.hydrek.sk\/wp-content\/uploads\/2018\/04\/ref1.jpg\" alt=\"Constellium Extrusions Levice s.r.o. \u2013 L\u00e9va (Levice)\" title=\"Constellium Extrusions Levice s.r.o. \u2013 L\u00e9va (Levice)\" style=\"max-width:200px; padding-left: 0px; padding-right:0px\" ><\/div><\/li><\/ul>\n<\/div><\/div><div id=\"panel-1315-3-0-2\" class=\"so-panel widget widget_black-studio-tinymce widget_black_studio_tinymce panel-last-child\" data-index=\"9\" ><div class=\"textwidget\"><h3 style=\"text-align: center;\">\u0160t\u00e1tny sektor:<\/h3>\n<ul class=\"kiwi-logo-carousel kiwi-logo-carousel-referencie-statny default align-center col4\"><li style=\"height:150px;\" ><div class=\"helper\" style=\"height:150px; width:200px;\" ><img src=\"https:\/\/www.hydrek.sk\/wp-content\/uploads\/2018\/04\/lesysr.jpg\" alt=\"Lesy Slovenskej Republiky \u00c5\u00a1.p. (Bansk\u00e1 Bystrica) Szlov\u00e1k \u00c1\u0081llami Erd\u00e9szet (Beszterceb\u00e1nya)\" title=\"Lesy Slovenskej Republiky \u00c5\u00a1.p. (Bansk\u00e1 Bystrica) Szlov\u00e1k \u00c1\u0081llami Erd\u00e9szet (Beszterceb\u00e1nya)\" style=\"max-width:200px; padding-left: 0px; padding-right:0px\" ><\/div><\/li><li style=\"height:150px;\" ><div class=\"helper\" style=\"height:150px; width:200px;\" ><img src=\"https:\/\/www.hydrek.sk\/wp-content\/uploads\/2018\/04\/ref11.jpg\" alt=\"\u017deleznice Slovenskej republiky a.s. (Zvolen) Szlov\u00e1k \u00c1\u0081llami Vas\u00fatt\u00e1rsas\u00e1g (Z\u00f3lyom)\" title=\"\u017deleznice Slovenskej republiky a.s. (Zvolen) Szlov\u00e1k \u00c1\u0081llami Vas\u00fatt\u00e1rsas\u00e1g (Z\u00f3lyom)\" style=\"max-width:200px; padding-left: 0px; padding-right:0px\" ><\/div><\/li><li style=\"height:150px;\" ><div class=\"helper\" style=\"height:150px; width:200px;\" ><img src=\"https:\/\/www.hydrek.sk\/wp-content\/uploads\/2018\/04\/ref10.jpg\" alt=\"Region\u00e1lna spr\u00e1va a \u00fadr\u017eba ciest Nitra a.s. (Nitra) Nyitrai Region\u00e1lis \u00c1\u0161tkarbantart\u00f3 R\u00e9szv\u00e9nyt\u00e1rsas\u00e1g (Nyitra)\" title=\"Region\u00e1lna spr\u00e1va a \u00fadr\u017eba ciest Nitra a.s. (Nitra) Nyitrai Region\u00e1lis \u00c1\u0161tkarbantart\u00f3 R\u00e9szv\u00e9nyt\u00e1rsas\u00e1g (Nyitra)\" style=\"max-width:200px; padding-left: 0px; padding-right:0px\" ><\/div><\/li><\/ul>\n<\/div><\/div><\/div><\/div><\/div><\/div>","protected":false},"excerpt":{"rendered":"<p>Na\u0161e slu\u017eby Servis hydrauliky Na\u0161e hydraulick\u00e9 slu\u017eby &#8211; \u0161tandardn\u00e9, teleskopick\u00e9, pneumatick\u00e9 valce, servis extr\u00faznych lisov, n\u00e1vrh, v\u00fdroba, oprava, in\u0161tal\u00e1cia na mieste Na\u0161e zbern\u00e9 stredisk\u00e1 Odbern\u00e9 miesta Severn\u00e9 ma\u010farsko Pre\u010do Hydrek? Pozrite si d\u00f4vody, pre\u010do spolupracova\u0165 s Hydrek &#8211; 20 rokov &hellip; <a class=\"kt-excerpt-readmore more-link\" href=\"https:\/\/www.hydrek.sk\/sk\/\" aria-label=\"\u00davod\">Read More<\/a><\/p>\n","protected":false},"author":1,"featured_media":1274,"parent":0,"menu_order":0,"comment_status":"closed","ping_status":"closed","template":"","meta":[],"_links":{"self":[{"href":"https:\/\/www.hydrek.sk\/sk\/wp-json\/wp\/v2\/pages\/1315"}],"collection":[{"href":"https:\/\/www.hydrek.sk\/sk\/wp-json\/wp\/v2\/pages"}],"about":[{"href":"https:\/\/www.hydrek.sk\/sk\/wp-json\/wp\/v2\/types\/page"}],"author":[{"embeddable":true,"href":"https:\/\/www.hydrek.sk\/sk\/wp-json\/wp\/v2\/users\/1"}],"replies":[{"embeddable":true,"href":"https:\/\/www.hydrek.sk\/sk\/wp-json\/wp\/v2\/comments?post=1315"}],"version-history":[{"count":16,"href":"https:\/\/www.hydrek.sk\/sk\/wp-json\/wp\/v2\/pages\/1315\/revisions"}],"predecessor-version":[{"id":1598,"href":"https:\/\/www.hydrek.sk\/sk\/wp-json\/wp\/v2\/pages\/1315\/revisions\/1598"}],"wp:featuredmedia":[{"embeddable":true,"href":"https:\/\/www.hydrek.sk\/sk\/wp-json\/wp\/v2\/media\/1274"}],"wp:attachment":[{"href":"https:\/\/www.hydrek.sk\/sk\/wp-json\/wp\/v2\/media?parent=1315"}],"curies":[{"name":"wp","href":"https:\/\/api.w.org\/{rel}","templated":true}]}}