{"id":1319,"date":"2018-04-19T15:34:38","date_gmt":"2018-04-19T15:34:38","guid":{"rendered":"https:\/\/www.hydrek.sk\/hydrek-hidraulikai-szerviz\/"},"modified":"2018-05-28T13:25:34","modified_gmt":"2018-05-28T13:25:34","slug":"hydrek-hidraulikai-szerviz","status":"publish","type":"page","link":"https:\/\/www.hydrek.sk\/sk\/hydrek-hidraulikai-szerviz\/","title":{"rendered":"Hydrek &#8211; hydraulick\u00e9 slu\u017eby"},"content":{"rendered":"<div id=\"pl-1319\"  class=\"panel-layout\" ><div id=\"pg-1319-0\"  class=\"panel-grid panel-has-style\" ><div class=\"panel-row-style panel-row-style-for-1319-0\" ><div id=\"pgc-1319-0-0\"  class=\"panel-grid-cell\" ><div id=\"panel-1319-0-0-0\" class=\"so-panel widget widget_kadence_about_with_image kadence_about_with_image panel-first-child\" data-index=\"0\" ><div class=\"kt-pb-animation kt-pb-fadeInLeft kt-pb-duration-900 kt-pb-delay-300 panel-widget-style panel-widget-style-for-1319-0-0-0\" ><div class=\"kad_img_upload_widget kt-shape-type-kt-image-shape-circle kt-image-align-center kt-image-widget-widget-0-0-0\"><div style=\"max-width:px; margin:0 auto\"><a href=\"\/szabvanyos-es-egyedi-hidraulikus-munkahengerek\" target=\"_self\"><div class=\"kt-image-contain kt-image-shadow-none kt-image-shape-circle\"><div class=\"kt-image-inner-contain\"><img width=\"1013\" height=\"740\" src=\"https:\/\/www.hydrek.sk\/wp-content\/uploads\/2018\/04\/servis1.jpg\" class=\"attachment-full size-full\" alt=\"\" loading=\"lazy\" srcset=\"https:\/\/www.hydrek.sk\/wp-content\/uploads\/2018\/04\/servis1.jpg 1013w, https:\/\/www.hydrek.sk\/wp-content\/uploads\/2018\/04\/servis1-300x219.jpg 300w, https:\/\/www.hydrek.sk\/wp-content\/uploads\/2018\/04\/servis1-768x561.jpg 768w\" sizes=\"(max-width: 1013px) 100vw, 1013px\" \/><\/div><\/div><\/a><\/div><\/div><\/div><\/div><div id=\"panel-1319-0-0-1\" class=\"so-panel widget widget_black-studio-tinymce widget_black_studio_tinymce panel-last-child\" data-index=\"1\" ><div class=\"kt-pb-animation kt-pb-fadeInLeft kt-pb-duration-900 kt-pb-delay-300 panel-widget-style panel-widget-style-for-1319-0-0-1\" ><div class=\"textwidget\"><h3 class=\"design77\">\u0160tandardn\u00e9 a\u00a0atypick\u00e9 hydraulick\u00e9 valce<\/h3>\n<\/div><\/div><\/div><\/div><div id=\"pgc-1319-0-1\"  class=\"panel-grid-cell\" ><div id=\"panel-1319-0-1-0\" class=\"so-panel widget widget_kadence_about_with_image kadence_about_with_image panel-first-child\" data-index=\"2\" ><div class=\"kt-pb-animation kt-pb-fadeInUp kt-pb-duration-900 kt-pb-delay-300 panel-widget-style panel-widget-style-for-1319-0-1-0\" ><div class=\"kad_img_upload_widget kt-shape-type-kt-image-shape-circle kt-image-align-center kt-image-widget-widget-0-1-0\"><div style=\"max-width:px; margin:0 auto\"><a href=\"\/teleszkopikus-munkahengerek-javitasa\" target=\"_self\"><div class=\"kt-image-contain kt-image-shadow-none kt-image-shape-circle\"><div class=\"kt-image-inner-contain\"><img width=\"180\" height=\"180\" src=\"https:\/\/www.hydrek.sk\/wp-content\/uploads\/2018\/04\/hy56.jpg\" class=\"attachment-full size-full\" alt=\"\" loading=\"lazy\" srcset=\"https:\/\/www.hydrek.sk\/wp-content\/uploads\/2018\/04\/hy56.jpg 180w, https:\/\/www.hydrek.sk\/wp-content\/uploads\/2018\/04\/hy56-150x150.jpg 150w, https:\/\/www.hydrek.sk\/wp-content\/uploads\/2018\/04\/hy56-100x100.jpg 100w\" sizes=\"(max-width: 180px) 100vw, 180px\" \/><\/div><\/div><\/a><\/div><\/div><\/div><\/div><div id=\"panel-1319-0-1-1\" class=\"so-panel widget widget_black-studio-tinymce widget_black_studio_tinymce panel-last-child\" data-index=\"3\" ><div class=\"kt-pb-animation kt-pb-fadeInUp kt-pb-duration-900 kt-pb-delay-300 panel-widget-style panel-widget-style-for-1319-0-1-1\" ><div class=\"textwidget\"><h3 class=\"design88\">Oprava teleskopick\u00fdch valcov<\/h3>\n<p>M\u00e1me bohat\u00e9 sk\u00fasenosti s opravami teleskopick\u00fdch valcov!<\/p>\n<\/div><\/div><\/div><\/div><div id=\"pgc-1319-0-2\"  class=\"panel-grid-cell\" ><div id=\"panel-1319-0-2-0\" class=\"so-panel widget widget_kadence_about_with_image kadence_about_with_image panel-first-child\" data-index=\"4\" ><div class=\"kt-pb-animation kt-pb-fadeInRight kt-pb-duration-900 kt-pb-delay-300 panel-widget-style panel-widget-style-for-1319-0-2-0\" ><div class=\"kad_img_upload_widget kt-shape-type-kt-image-shape-circle kt-image-align-center kt-image-widget-widget-0-2-0\"><div style=\"max-width:px; margin:0 auto\"><a href=\"\/pneumatikus-munkahengerek-javitasa\" target=\"_self\"><div class=\"kt-image-contain kt-image-shadow-none kt-image-shape-circle\"><div class=\"kt-image-inner-contain\"><img width=\"989\" height=\"737\" src=\"https:\/\/www.hydrek.sk\/wp-content\/uploads\/2018\/04\/servis2.jpg\" class=\"attachment-full size-full\" alt=\"\" loading=\"lazy\" srcset=\"https:\/\/www.hydrek.sk\/wp-content\/uploads\/2018\/04\/servis2.jpg 989w, https:\/\/www.hydrek.sk\/wp-content\/uploads\/2018\/04\/servis2-300x224.jpg 300w, https:\/\/www.hydrek.sk\/wp-content\/uploads\/2018\/04\/servis2-768x572.jpg 768w\" sizes=\"(max-width: 989px) 100vw, 989px\" \/><\/div><\/div><\/a><\/div><\/div><\/div><\/div><div id=\"panel-1319-0-2-1\" class=\"so-panel widget widget_black-studio-tinymce widget_black_studio_tinymce panel-last-child\" data-index=\"5\" ><div class=\"kt-pb-animation kt-pb-fadeInRight kt-pb-duration-900 kt-pb-delay-300 panel-widget-style panel-widget-style-for-1319-0-2-1\" ><div class=\"textwidget\"><h3 class=\"design88\">Oprava pneumatick\u00fdch valcov<\/h3>\n<p>Vykon\u00e1vame aj opravy pneumatick\u00fdch valcov!<\/p>\n<\/div><\/div><\/div><\/div><\/div><\/div><div id=\"pg-1319-1\"  class=\"panel-grid panel-has-style\" ><div class=\"panel-row-style panel-row-style-for-1319-1\" ><div id=\"pgc-1319-1-0\"  class=\"panel-grid-cell\" ><div id=\"panel-1319-1-0-0\" class=\"so-panel widget widget_kadence_about_with_image kadence_about_with_image panel-first-child\" data-index=\"6\" ><div class=\"kt-pb-animation kt-pb-fadeInLeft kt-pb-duration-900 kt-pb-delay-300 panel-widget-style panel-widget-style-for-1319-1-0-0\" ><div class=\"kad_img_upload_widget kt-shape-type-kt-image-shape-circle kt-image-align-center kt-image-widget-widget-1-0-0\"><div style=\"max-width:px; margin:0 auto\"><a href=\"\/extruzios-presgepek-szervizelese\" target=\"_self\"><div class=\"kt-image-contain kt-image-shadow-none kt-image-shape-circle\"><div class=\"kt-image-inner-contain\"><img width=\"992\" height=\"742\" src=\"https:\/\/www.hydrek.sk\/wp-content\/uploads\/2018\/04\/servis3.jpg\" class=\"attachment-full size-full\" alt=\"\" loading=\"lazy\" srcset=\"https:\/\/www.hydrek.sk\/wp-content\/uploads\/2018\/04\/servis3.jpg 992w, https:\/\/www.hydrek.sk\/wp-content\/uploads\/2018\/04\/servis3-300x224.jpg 300w, https:\/\/www.hydrek.sk\/wp-content\/uploads\/2018\/04\/servis3-768x574.jpg 768w\" sizes=\"(max-width: 992px) 100vw, 992px\" \/><\/div><\/div><\/a><\/div><\/div><\/div><\/div><div id=\"panel-1319-1-0-1\" class=\"so-panel widget widget_black-studio-tinymce widget_black_studio_tinymce panel-last-child\" data-index=\"7\" ><div class=\"kt-pb-animation kt-pb-fadeInLeft kt-pb-duration-900 kt-pb-delay-300 panel-widget-style panel-widget-style-for-1319-1-0-1\" ><div class=\"textwidget\"><h3 class=\"design88\">Extr\u00fazi\u00f3s pr\u00e9sg\u00e9pek szervizel\u00e9se<\/h3>\n<p>Portf\u00f3li\u00f3nk r\u00e9sz\u00e9t k\u00e9pezi extr\u00fazi\u00f3s pr\u00e9sg\u00e9pek szervizel\u00e9se \u00e9s id\u0151szakonk\u00e9nti karbantart\u00e1sa.<\/p>\n<\/div><\/div><\/div><\/div><div id=\"pgc-1319-1-1\"  class=\"panel-grid-cell\" ><div id=\"panel-1319-1-1-0\" class=\"so-panel widget widget_kadence_about_with_image kadence_about_with_image panel-first-child\" data-index=\"8\" ><div class=\"kt-pb-animation kt-pb-fadeInUp kt-pb-duration-900 kt-pb-delay-300 panel-widget-style panel-widget-style-for-1319-1-1-0\" ><div class=\"kad_img_upload_widget kt-shape-type-kt-image-shape-circle kt-image-align-center kt-image-widget-widget-1-1-0\"><div style=\"max-width:px; margin:0 auto\"><a href=\"\/tervezes-gyartas\" target=\"_self\"><div class=\"kt-image-contain kt-image-shadow-none kt-image-shape-circle\"><div class=\"kt-image-inner-contain\"><img width=\"535\" height=\"707\" src=\"https:\/\/www.hydrek.sk\/wp-content\/uploads\/2018\/04\/servis4.jpg\" class=\"attachment-full size-full\" alt=\"\" loading=\"lazy\" srcset=\"https:\/\/www.hydrek.sk\/wp-content\/uploads\/2018\/04\/servis4.jpg 535w, https:\/\/www.hydrek.sk\/wp-content\/uploads\/2018\/04\/servis4-227x300.jpg 227w\" sizes=\"(max-width: 535px) 100vw, 535px\" \/><\/div><\/div><\/a><\/div><\/div><\/div><\/div><div id=\"panel-1319-1-1-1\" class=\"so-panel widget widget_black-studio-tinymce widget_black_studio_tinymce panel-last-child\" data-index=\"9\" ><div class=\"kt-pb-animation kt-pb-fadeInUp kt-pb-duration-900 kt-pb-delay-300 panel-widget-style panel-widget-style-for-1319-1-1-1\" ><div class=\"textwidget\"><h3 class=\"design88\">Projektovanie a\u00a0v\u00fdroba<\/h3>\n<p>Proces v\u00fdroby valcov na mieru u n\u00e1s zah\u0155\u0148a tak projektovanie ako aj samotn\u00fa v\u00fdrobu!<\/p>\n<\/div><\/div><\/div><\/div><div id=\"pgc-1319-1-2\"  class=\"panel-grid-cell\" ><div id=\"panel-1319-1-2-0\" class=\"so-panel widget widget_kadence_about_with_image kadence_about_with_image panel-first-child\" data-index=\"10\" ><div class=\"kt-pb-animation kt-pb-fadeInRight kt-pb-duration-900 kt-pb-delay-300 panel-widget-style panel-widget-style-for-1319-1-2-0\" ><div class=\"kad_img_upload_widget kt-shape-type-kt-image-shape-circle kt-image-align-center kt-image-widget-widget-1-2-0\"><div style=\"max-width:px; margin:0 auto\"><a href=\"\/helyszini-javitas-szereles\" target=\"_self\"><div class=\"kt-image-contain kt-image-shadow-none kt-image-shape-circle\"><div class=\"kt-image-inner-contain\"><img width=\"985\" height=\"705\" src=\"https:\/\/www.hydrek.sk\/wp-content\/uploads\/2018\/04\/servis5.jpg\" class=\"attachment-full size-full\" alt=\"\" loading=\"lazy\" srcset=\"https:\/\/www.hydrek.sk\/wp-content\/uploads\/2018\/04\/servis5.jpg 985w, https:\/\/www.hydrek.sk\/wp-content\/uploads\/2018\/04\/servis5-300x215.jpg 300w, https:\/\/www.hydrek.sk\/wp-content\/uploads\/2018\/04\/servis5-768x550.jpg 768w\" sizes=\"(max-width: 985px) 100vw, 985px\" \/><\/div><\/div><\/a><\/div><\/div><\/div><\/div><div id=\"panel-1319-1-2-1\" class=\"so-panel widget widget_black-studio-tinymce widget_black_studio_tinymce panel-last-child\" data-index=\"11\" ><div class=\"kt-pb-animation kt-pb-fadeInRight kt-pb-duration-900 kt-pb-delay-300 panel-widget-style panel-widget-style-for-1319-1-2-1\" ><div class=\"textwidget\"><h3 class=\"design88\">Servis na mieste<\/h3>\n<p>&nbsp;<\/p>\n<\/div><\/div><\/div><\/div><\/div><\/div><\/div>","protected":false},"excerpt":{"rendered":"<p>\u0160tandardn\u00e9 a\u00a0atypick\u00e9 hydraulick\u00e9 valce Oprava teleskopick\u00fdch valcov M\u00e1me bohat\u00e9 sk\u00fasenosti s opravami teleskopick\u00fdch valcov! Oprava pneumatick\u00fdch valcov Vykon\u00e1vame aj opravy pneumatick\u00fdch valcov! Extr\u00fazi\u00f3s pr\u00e9sg\u00e9pek szervizel\u00e9se Portf\u00f3li\u00f3nk r\u00e9sz\u00e9t k\u00e9pezi extr\u00fazi\u00f3s pr\u00e9sg\u00e9pek szervizel\u00e9se \u00e9s id\u0151szakonk\u00e9nti karbantart\u00e1sa. Projektovanie a\u00a0v\u00fdroba Proces v\u00fdroby valcov na &hellip; <a class=\"kt-excerpt-readmore more-link\" href=\"https:\/\/www.hydrek.sk\/sk\/hydrek-hidraulikai-szerviz\/\" aria-label=\"Hydrek &#8211; hydraulick\u00e9 slu\u017eby\">Read More<\/a><\/p>\n","protected":false},"author":1,"featured_media":1274,"parent":0,"menu_order":0,"comment_status":"closed","ping_status":"closed","template":"","meta":[],"_links":{"self":[{"href":"https:\/\/www.hydrek.sk\/sk\/wp-json\/wp\/v2\/pages\/1319"}],"collection":[{"href":"https:\/\/www.hydrek.sk\/sk\/wp-json\/wp\/v2\/pages"}],"about":[{"href":"https:\/\/www.hydrek.sk\/sk\/wp-json\/wp\/v2\/types\/page"}],"author":[{"embeddable":true,"href":"https:\/\/www.hydrek.sk\/sk\/wp-json\/wp\/v2\/users\/1"}],"replies":[{"embeddable":true,"href":"https:\/\/www.hydrek.sk\/sk\/wp-json\/wp\/v2\/comments?post=1319"}],"version-history":[{"count":5,"href":"https:\/\/www.hydrek.sk\/sk\/wp-json\/wp\/v2\/pages\/1319\/revisions"}],"predecessor-version":[{"id":1556,"href":"https:\/\/www.hydrek.sk\/sk\/wp-json\/wp\/v2\/pages\/1319\/revisions\/1556"}],"wp:featuredmedia":[{"embeddable":true,"href":"https:\/\/www.hydrek.sk\/sk\/wp-json\/wp\/v2\/media\/1274"}],"wp:attachment":[{"href":"https:\/\/www.hydrek.sk\/sk\/wp-json\/wp\/v2\/media?parent=1319"}],"curies":[{"name":"wp","href":"https:\/\/api.w.org\/{rel}","templated":true}]}}