{"id":1329,"date":"2018-04-19T15:02:32","date_gmt":"2018-04-19T15:02:32","guid":{"rendered":"https:\/\/www.hydrek.sk\/felvevohelyeink\/"},"modified":"2018-04-23T15:21:59","modified_gmt":"2018-04-23T15:21:59","slug":"felvevohelyeink","status":"publish","type":"page","link":"https:\/\/www.hydrek.sk\/sk\/felvevohelyeink\/","title":{"rendered":"Kde n\u00e1s n\u00e1jdete"},"content":{"rendered":"<div id=\"pl-1329\"  class=\"panel-layout\" ><div id=\"pg-1329-0\"  class=\"panel-grid panel-has-style\" ><div class=\"panel-row-style panel-row-style-for-1329-0\" ><div id=\"pgc-1329-0-0\"  class=\"panel-grid-cell\" ><div id=\"panel-1329-0-0-0\" class=\"so-panel widget widget_black-studio-tinymce widget_black_studio_tinymce panel-first-child panel-last-child\" data-index=\"0\" ><div class=\"textwidget\"><p>A Hydrek 2015 \u00e1prilis\u00e1t\u00f3l zalabai telephelye mellett m\u00e1r V\u00e1cott, az N-Data Sz\u00e1mviteli Szolg\u00e1ltat\u00f3 Kft-n\u00e9l is lehet\u0151s\u00e9get k\u00edn\u00e1l a jav\u00edtand\u00f3 munkahengerek lead\u00e1s\u00e1ra, valamint a jav\u00edtott eszk\u00f6z\u00f6k \u00e1tv\u00e9tel\u00e9re. Magyarorsz\u00e1gi \u00e1tvev\u0151hely\u00fcnkkel igyeksz\u00fcnk \u00fcgyfeleink sz\u00e1m\u00e1ra minimaliz\u00e1lni felmer\u00fcl\u0151 sz\u00e1ll\u00edt\u00e1si k\u00f6lts\u00e9g\u00fcket, hiszen az itteni lead\u00e1s ut\u00e1n mi v\u00e1llaljuk a leadott munkahengerek zalabai m\u0171hely\u00fcnkbe t\u00f6rt\u00e9n\u0151 el-, illetve V\u00e1cra val\u00f3 visszasz\u00e1ll\u00edt\u00e1s\u00e1t heti rendszeress\u00e9ggel!<\/p>\n<p>Mivel sz\u00e1munkra \u00fcgyfel\u00fcnk k\u00e9nyelme a m\u00e9rt\u00e9kad\u00f3, a k\u00f6zelj\u0151v\u0151ben t\u00f6reksz\u00fcnk Pest megye mellett t\u00f6bb helysz\u00ednen, els\u0151k\u00e9nt N\u00f3gr\u00e1d, illetve Kom\u00e1rom-Esztergom megy\u00e9ben is lead\u00e1si \u00e9s \u00e1tv\u00e9teli lehet\u0151s\u00e9get biztos\u00edtani partnereinknek!<\/p>\n<\/div><\/div><\/div><div id=\"pgc-1329-0-1\"  class=\"panel-grid-cell\" ><div id=\"panel-1329-0-1-0\" class=\"widget_text so-panel widget widget_custom_html panel-first-child panel-last-child\" data-index=\"1\" ><div class=\"textwidget custom-html-widget\"><iframe src=\"https:\/\/www.google.com\/maps\/d\/embed?mid=17xQOSfAjjnpuSRL2UpThxCrlzVQ\" width=\"100%\" height=\"480\"><\/iframe><\/div><\/div><\/div><\/div><\/div><div id=\"pg-1329-1\"  class=\"panel-grid panel-has-style\" ><div class=\"panel-row-style panel-row-style-for-1329-1\" ><div id=\"pgc-1329-1-0\"  class=\"panel-grid-cell\" ><div id=\"panel-1329-1-0-0\" class=\"so-panel widget widget_widget_kadence_contact widget_kadence_contact panel-first-child\" data-index=\"2\" >        <div class=\"vcard\">\n      \n            <p class=\"vcard-company\"><i class=\"kt-icon-office\"><\/i>Hydrek Kft.<\/p>                                        <p class=\"vcard-address\"><i class=\"kt-icon-location2\"><\/i>Zalaba, Zalaba u. 2.                <span> Szlov\u00e1kia  937 01<\/span><\/p>\n                        <p class=\"tel\"><i class=\"kt-icon-mobile\"><\/i>+421 903\/434 263 <\/p>            <p class=\"tel fixedtel\"><i class=\"kt-icon-phone2\"><\/i>+421 36\/7791 220 <\/p>            <p><a class=\"email\" href=\"mailto:in&#102;&#111;&#64;h&#121;&#100;&#114;&#101;&#107;&#46;h&#117;&#32;\"><i class=\"kt-icon-envelop4\"><\/i>&#105;&#110;&#102;o&#64;&#104;&#121;dre&#107;.h&#117; <\/a><\/p>             \n        <\/div>\n        <\/div><div id=\"panel-1329-1-0-1\" class=\"so-panel widget widget_black-studio-tinymce widget_black_studio_tinymce panel-last-child\" data-index=\"3\" ><div class=\"textwidget\"><p>Nyitva tart\u00e1s: h\u00e9tf\u0151t\u0151l p\u00e9ntekig 07:00 - 15:00<br \/>\nMunkahenger \u00e1tv\u00e9tel \u00e9s kiad\u00e1s: 0-24<\/p>\n<\/div><\/div><\/div><div id=\"pgc-1329-1-1\"  class=\"panel-grid-cell\" ><div id=\"panel-1329-1-1-0\" class=\"so-panel widget widget_widget_kadence_contact widget_kadence_contact panel-first-child\" data-index=\"4\" >        <div class=\"vcard\">\n      \n            <p class=\"vcard-company\"><i class=\"kt-icon-office\"><\/i>N-Data Kft.<\/p>                                        <p class=\"vcard-address\"><i class=\"kt-icon-location2\"><\/i>V\u00e1c, Pest megye, Szent L\u00e1szl\u00f3 \u00fat 11. (UNIX m\u00f6g\u00f6tt)                 <span>  2600<\/span><\/p>\n                                    <p class=\"tel fixedtel\"><i class=\"kt-icon-phone2\"><\/i>06 (30) 531-46-66 <\/p>                        \n        <\/div>\n        <\/div><div id=\"panel-1329-1-1-1\" class=\"so-panel widget widget_black-studio-tinymce widget_black_studio_tinymce panel-last-child\" data-index=\"5\" ><div class=\"textwidget\"><p>Nyitva tart\u00e1s: h\u00e9tf\u0151t\u0151l p\u00e9ntekig 8-16 \u00f3r\u00e1ig<\/p>\n<\/div><\/div><\/div><\/div><\/div><div id=\"pg-1329-2\"  class=\"panel-grid panel-has-style\" ><div class=\"panel-row-style panel-row-style-for-1329-2\" ><div id=\"pgc-1329-2-0\"  class=\"panel-grid-cell\" ><div id=\"panel-1329-2-0-0\" class=\"so-panel widget widget_black-studio-tinymce widget_black_studio_tinymce panel-first-child panel-last-child\" data-index=\"6\" ><div class=\"textwidget\"><h4 class=\"design9\">Amennyiben b\u00e1rmilyen k\u00e9rd\u00e9se van \u00e1tvev\u0151helyeink, vagy szolg\u00e1ltat\u00e1saink kapcs\u00e1n, ne habozzon felvenni vel\u00fcnk a kapcsolatot!<\/h4>\n<\/div><\/div><\/div><\/div><\/div><\/div>","protected":false},"excerpt":{"rendered":"<p>A Hydrek 2015 \u00e1prilis\u00e1t\u00f3l zalabai telephelye mellett m\u00e1r V\u00e1cott, az N-Data Sz\u00e1mviteli Szolg\u00e1ltat\u00f3 Kft-n\u00e9l is lehet\u0151s\u00e9get k\u00edn\u00e1l a jav\u00edtand\u00f3 munkahengerek lead\u00e1s\u00e1ra, valamint a jav\u00edtott eszk\u00f6z\u00f6k \u00e1tv\u00e9tel\u00e9re. Magyarorsz\u00e1gi \u00e1tvev\u0151hely\u00fcnkkel igyeksz\u00fcnk \u00fcgyfeleink sz\u00e1m\u00e1ra minimaliz\u00e1lni felmer\u00fcl\u0151 sz\u00e1ll\u00edt\u00e1si k\u00f6lts\u00e9g\u00fcket, hiszen az itteni lead\u00e1s ut\u00e1n &hellip; <a class=\"kt-excerpt-readmore more-link\" href=\"https:\/\/www.hydrek.sk\/sk\/felvevohelyeink\/\" aria-label=\"Kde n\u00e1s n\u00e1jdete\">Read More<\/a><\/p>\n","protected":false},"author":1,"featured_media":1274,"parent":0,"menu_order":0,"comment_status":"closed","ping_status":"closed","template":"","meta":[],"_links":{"self":[{"href":"https:\/\/www.hydrek.sk\/sk\/wp-json\/wp\/v2\/pages\/1329"}],"collection":[{"href":"https:\/\/www.hydrek.sk\/sk\/wp-json\/wp\/v2\/pages"}],"about":[{"href":"https:\/\/www.hydrek.sk\/sk\/wp-json\/wp\/v2\/types\/page"}],"author":[{"embeddable":true,"href":"https:\/\/www.hydrek.sk\/sk\/wp-json\/wp\/v2\/users\/1"}],"replies":[{"embeddable":true,"href":"https:\/\/www.hydrek.sk\/sk\/wp-json\/wp\/v2\/comments?post=1329"}],"version-history":[{"count":2,"href":"https:\/\/www.hydrek.sk\/sk\/wp-json\/wp\/v2\/pages\/1329\/revisions"}],"predecessor-version":[{"id":1442,"href":"https:\/\/www.hydrek.sk\/sk\/wp-json\/wp\/v2\/pages\/1329\/revisions\/1442"}],"wp:featuredmedia":[{"embeddable":true,"href":"https:\/\/www.hydrek.sk\/sk\/wp-json\/wp\/v2\/media\/1274"}],"wp:attachment":[{"href":"https:\/\/www.hydrek.sk\/sk\/wp-json\/wp\/v2\/media?parent=1329"}],"curies":[{"name":"wp","href":"https:\/\/api.w.org\/{rel}","templated":true}]}}