{"id":1451,"date":"2018-04-19T14:19:57","date_gmt":"2018-04-19T14:19:57","guid":{"rendered":"https:\/\/www.hydrek.sk\/miert-a-hydrek\/"},"modified":"2018-05-28T13:28:36","modified_gmt":"2018-05-28T13:28:36","slug":"miert-a-hydrek","status":"publish","type":"page","link":"https:\/\/www.hydrek.sk\/sk\/miert-a-hydrek\/","title":{"rendered":"Pre\u010do Hydrek?"},"content":{"rendered":"<div id=\"pl-1451\"  class=\"panel-layout\" ><div id=\"pg-1451-0\"  class=\"panel-grid panel-has-style\" ><div class=\"panel-row-style panel-row-style-for-1451-0\" ><div id=\"pgc-1451-0-0\"  class=\"panel-grid-cell\" ><div id=\"panel-1451-0-0-0\" class=\"so-panel widget widget_kadence_about_with_image kadence_about_with_image panel-first-child\" data-index=\"0\" ><div class=\"kt-pb-animation kt-pb-fadeInLeft kt-pb-duration-900 kt-pb-delay-300 panel-widget-style panel-widget-style-for-1451-0-0-0\" ><div class=\"kad_img_upload_widget kt-shape-type-kt-image-shape-circle kt-image-align-center kt-image-widget-widget-0-0-0\"><div style=\"max-width:px; margin:0 auto\"><div class=\"kt-image-contain kt-image-shadow-none kt-image-shape-circle\"><div class=\"kt-image-inner-contain\"><img width=\"180\" height=\"180\" src=\"https:\/\/www.hydrek.sk\/wp-content\/uploads\/2018\/04\/hy42.jpg\" class=\"attachment-full size-full\" alt=\"\" loading=\"lazy\" srcset=\"https:\/\/www.hydrek.sk\/wp-content\/uploads\/2018\/04\/hy42.jpg 180w, https:\/\/www.hydrek.sk\/wp-content\/uploads\/2018\/04\/hy42-150x150.jpg 150w, https:\/\/www.hydrek.sk\/wp-content\/uploads\/2018\/04\/hy42-100x100.jpg 100w\" sizes=\"(max-width: 180px) 100vw, 180px\" \/><\/div><\/div><\/div><\/div><\/div><\/div><div id=\"panel-1451-0-0-1\" class=\"so-panel widget widget_black-studio-tinymce widget_black_studio_tinymce panel-last-child\" data-index=\"1\" ><div class=\"kt-pb-animation kt-pb-fadeInLeft kt-pb-duration-900 kt-pb-delay-300 panel-widget-style panel-widget-style-for-1451-0-0-1\" ><div class=\"textwidget\"><h3 class=\"design88\">20 ro\u010dn\u00e1 sk\u00fasenos\u0165, 14000 valcov<\/h3>\n<p>M\u00e1me vy\u0161e 20 ro\u010dn\u00e9 sk\u00fasenosti v oblasti opr\u00e1v hydraulick\u00fdch valcov. Po\u010das tejto doby sme ri\u0161ili vy\u0161e 14000 opr\u00e1v.<\/p>\n<\/div><\/div><\/div><\/div><div id=\"pgc-1451-0-1\"  class=\"panel-grid-cell\" ><div id=\"panel-1451-0-1-0\" class=\"so-panel widget widget_kadence_about_with_image kadence_about_with_image panel-first-child\" data-index=\"2\" ><div class=\"kt-pb-animation kt-pb-fadeInUp kt-pb-duration-900 kt-pb-delay-300 panel-widget-style panel-widget-style-for-1451-0-1-0\" ><div class=\"kad_img_upload_widget kt-shape-type-kt-image-shape-circle kt-image-align-center kt-image-widget-widget-0-1-0\"><div style=\"max-width:px; margin:0 auto\"><div class=\"kt-image-contain kt-image-shadow-none kt-image-shape-circle\"><div class=\"kt-image-inner-contain\"><img width=\"612\" height=\"405\" src=\"https:\/\/www.hydrek.sk\/wp-content\/uploads\/2018\/04\/stopky.jpg\" class=\"attachment-full size-full\" alt=\"\" loading=\"lazy\" srcset=\"https:\/\/www.hydrek.sk\/wp-content\/uploads\/2018\/04\/stopky.jpg 612w, https:\/\/www.hydrek.sk\/wp-content\/uploads\/2018\/04\/stopky-300x199.jpg 300w\" sizes=\"(max-width: 612px) 100vw, 612px\" \/><\/div><\/div><\/div><\/div><\/div><\/div><div id=\"panel-1451-0-1-1\" class=\"so-panel widget widget_black-studio-tinymce widget_black_studio_tinymce panel-last-child\" data-index=\"3\" ><div class=\"kt-pb-animation kt-pb-fadeInUp kt-pb-duration-900 kt-pb-delay-300 panel-widget-style panel-widget-style-for-1451-0-1-1\" ><div class=\"textwidget\"><h3 class=\"design88\">Sme r\u00fdchli. V prieme vyrie\u0161ime probl\u00e9m do 48 hod\u00edn.<\/h3>\n<\/div><\/div><\/div><\/div><div id=\"pgc-1451-0-2\"  class=\"panel-grid-cell\" ><div id=\"panel-1451-0-2-0\" class=\"so-panel widget widget_kadence_about_with_image kadence_about_with_image panel-first-child\" data-index=\"4\" ><div class=\"kt-pb-animation kt-pb-fadeInRight kt-pb-duration-900 kt-pb-delay-300 panel-widget-style panel-widget-style-for-1451-0-2-0\" ><div class=\"kad_img_upload_widget kt-shape-type-kt-image-shape-circle kt-image-align-center kt-image-widget-widget-0-2-0\"><div style=\"max-width:px; margin:0 auto\"><div class=\"kt-image-contain kt-image-shadow-none kt-image-shape-circle\"><div class=\"kt-image-inner-contain\"><img width=\"180\" height=\"180\" src=\"https:\/\/www.hydrek.sk\/wp-content\/uploads\/2018\/04\/hy54.jpg\" class=\"attachment-full size-full\" alt=\"\" loading=\"lazy\" srcset=\"https:\/\/www.hydrek.sk\/wp-content\/uploads\/2018\/04\/hy54.jpg 180w, https:\/\/www.hydrek.sk\/wp-content\/uploads\/2018\/04\/hy54-150x150.jpg 150w, https:\/\/www.hydrek.sk\/wp-content\/uploads\/2018\/04\/hy54-100x100.jpg 100w\" sizes=\"(max-width: 180px) 100vw, 180px\" \/><\/div><\/div><\/div><\/div><\/div><\/div><div id=\"panel-1451-0-2-1\" class=\"so-panel widget widget_black-studio-tinymce widget_black_studio_tinymce panel-last-child\" data-index=\"5\" ><div class=\"kt-pb-animation kt-pb-fadeInRight kt-pb-duration-900 kt-pb-delay-300 panel-widget-style panel-widget-style-for-1451-0-2-1\" ><div class=\"textwidget\"><h3 class=\"design88\">Iba 1,3% reklam\u00e1ci\u00ed.<\/h3>\n<p>Najv\u00e4\u010d\u0161ou hodnotou a uznan\u00edm pre n\u00e1s je spokojnos\u0165 z\u00e1kazn\u00edka. <\/p>\n<\/div><\/div><\/div><\/div><\/div><\/div><div id=\"pg-1451-1\"  class=\"panel-grid panel-has-style\" ><div class=\"panel-row-style panel-row-style-for-1451-1\" ><div id=\"pgc-1451-1-0\"  class=\"panel-grid-cell\" ><div id=\"panel-1451-1-0-0\" class=\"so-panel widget widget_kadence_about_with_image kadence_about_with_image panel-first-child\" data-index=\"6\" ><div class=\"kt-pb-animation kt-pb-fadeInLeft kt-pb-duration-900 kt-pb-delay-300 panel-widget-style panel-widget-style-for-1451-1-0-0\" ><div class=\"kad_img_upload_widget kt-shape-type-kt-image-shape-circle kt-image-align-center kt-image-widget-widget-1-0-0\"><div style=\"max-width:px; margin:0 auto\"><div class=\"kt-image-contain kt-image-shadow-none kt-image-shape-circle\"><div class=\"kt-image-inner-contain\"><img width=\"180\" height=\"180\" src=\"https:\/\/www.hydrek.sk\/wp-content\/uploads\/2018\/04\/hy55.jpg\" class=\"attachment-full size-full\" alt=\"\" loading=\"lazy\" srcset=\"https:\/\/www.hydrek.sk\/wp-content\/uploads\/2018\/04\/hy55.jpg 180w, https:\/\/www.hydrek.sk\/wp-content\/uploads\/2018\/04\/hy55-150x150.jpg 150w, https:\/\/www.hydrek.sk\/wp-content\/uploads\/2018\/04\/hy55-100x100.jpg 100w\" sizes=\"(max-width: 180px) 100vw, 180px\" \/><\/div><\/div><\/div><\/div><\/div><\/div><div id=\"panel-1451-1-0-1\" class=\"so-panel widget widget_black-studio-tinymce widget_black_studio_tinymce panel-last-child\" data-index=\"7\" ><div class=\"kt-pb-animation kt-pb-fadeInLeft kt-pb-duration-900 kt-pb-delay-300 panel-widget-style panel-widget-style-for-1451-1-0-1\" ><div class=\"textwidget\"><h3 class=\"design88\">Sk\u00fa\u0161ka hydraulick\u00fdch valcov pod 6Bar tlakom.<\/h3>\n<p>Na\u0161im prvorad\u00fdm cie\u013eom je, aby hydraulick\u00fd pr\u00edp. Pneumatick\u00fd valec opustil die\u013enu v 100% stave!<\/p>\n<\/div><\/div><\/div><\/div><div id=\"pgc-1451-1-1\"  class=\"panel-grid-cell\" ><div id=\"panel-1451-1-1-0\" class=\"so-panel widget widget_kadence_about_with_image kadence_about_with_image panel-first-child\" data-index=\"8\" ><div class=\"kt-pb-animation kt-pb-fadeInUp kt-pb-duration-900 kt-pb-delay-300 panel-widget-style panel-widget-style-for-1451-1-1-0\" ><div class=\"kad_img_upload_widget kt-shape-type-kt-image-shape-circle kt-image-align-center kt-image-widget-widget-1-1-0\"><div style=\"max-width:px; margin:0 auto\"><div class=\"kt-image-contain kt-image-shadow-none kt-image-shape-circle\"><div class=\"kt-image-inner-contain\"><img width=\"180\" height=\"180\" src=\"https:\/\/www.hydrek.sk\/wp-content\/uploads\/2018\/04\/hy52.jpg\" class=\"attachment-full size-full\" alt=\"\" loading=\"lazy\" srcset=\"https:\/\/www.hydrek.sk\/wp-content\/uploads\/2018\/04\/hy52.jpg 180w, https:\/\/www.hydrek.sk\/wp-content\/uploads\/2018\/04\/hy52-150x150.jpg 150w, https:\/\/www.hydrek.sk\/wp-content\/uploads\/2018\/04\/hy52-100x100.jpg 100w\" sizes=\"(max-width: 180px) 100vw, 180px\" \/><\/div><\/div><\/div><\/div><\/div><\/div><div id=\"panel-1451-1-1-1\" class=\"so-panel widget widget_black-studio-tinymce widget_black_studio_tinymce panel-last-child\" data-index=\"9\" ><div class=\"kt-pb-animation kt-pb-fadeInUp kt-pb-duration-900 kt-pb-delay-300 panel-widget-style panel-widget-style-for-1451-1-1-1\" ><div class=\"textwidget\"><h3 class=\"design88\">Bohat\u00e1 \u0161k\u00e1la opr\u00e1v<\/h3>\n<p>Na\u0161ou misiou je pravidelne zvy\u0161ova\u0165 na\u0161u ponuku!<\/p>\n<\/div><\/div><\/div><\/div><div id=\"pgc-1451-1-2\"  class=\"panel-grid-cell\" ><div id=\"panel-1451-1-2-0\" class=\"so-panel widget widget_kadence_about_with_image kadence_about_with_image panel-first-child\" data-index=\"10\" ><div class=\"kt-pb-animation kt-pb-fadeInRight kt-pb-duration-900 kt-pb-delay-300 panel-widget-style panel-widget-style-for-1451-1-2-0\" ><div class=\"kad_img_upload_widget kt-shape-type-kt-image-shape-circle kt-image-align-center kt-image-widget-widget-1-2-0\"><div style=\"max-width:px; margin:0 auto\"><div class=\"kt-image-contain kt-image-shadow-none kt-image-shape-circle\"><div class=\"kt-image-inner-contain\"><img width=\"180\" height=\"180\" src=\"https:\/\/www.hydrek.sk\/wp-content\/uploads\/2018\/04\/hy45.jpg\" class=\"attachment-full size-full\" alt=\"\" loading=\"lazy\" srcset=\"https:\/\/www.hydrek.sk\/wp-content\/uploads\/2018\/04\/hy45.jpg 180w, https:\/\/www.hydrek.sk\/wp-content\/uploads\/2018\/04\/hy45-150x150.jpg 150w, https:\/\/www.hydrek.sk\/wp-content\/uploads\/2018\/04\/hy45-100x100.jpg 100w\" sizes=\"(max-width: 180px) 100vw, 180px\" \/><\/div><\/div><\/div><\/div><\/div><\/div><div id=\"panel-1451-1-2-1\" class=\"so-panel widget widget_black-studio-tinymce widget_black_studio_tinymce panel-last-child\" data-index=\"11\" ><div class=\"kt-pb-animation kt-pb-fadeInRight kt-pb-duration-900 kt-pb-delay-300 panel-widget-style panel-widget-style-for-1451-1-2-1\" ><div class=\"textwidget\"><h3 class=\"design88\">Opravy vykon\u00e1vama za najni\u017e\u0161ie ceny v kraji.<\/h3>\n<p>Najv\u00e4\u010d\u0161ia prednos\u0165  na\u0161ej spolo\u010dnosti je spo\u013eahlivos\u0165, ale na\u0161i z\u00e1kazn\u00edci najviac oce\u0148uj\u00fa nzke ceny opr\u00e1v. <\/p>\n<\/div><\/div><\/div><\/div><\/div><\/div><div id=\"pg-1451-2\"  class=\"panel-grid panel-has-style\" ><div class=\"panel-row-style panel-row-style-for-1451-2\" ><div id=\"pgc-1451-2-0\"  class=\"panel-grid-cell panel-grid-cell-empty\" ><\/div><div id=\"pgc-1451-2-1\"  class=\"panel-grid-cell panel-grid-cell-mobile-last\" ><div id=\"panel-1451-2-1-0\" class=\"so-panel widget widget_kadence_about_with_image kadence_about_with_image panel-first-child\" data-index=\"12\" ><div class=\"kt-pb-animation kt-pb-fadeInLeft kt-pb-duration-900 kt-pb-delay-300 panel-widget-style panel-widget-style-for-1451-2-1-0\" ><div class=\"kad_img_upload_widget kt-shape-type-kt-image-shape-circle kt-image-align-center kt-image-widget-widget-2-1-0\"><div style=\"max-width:px; margin:0 auto\"><div class=\"kt-image-contain kt-image-shadow-none kt-image-shape-circle\"><div class=\"kt-image-inner-contain\"><img width=\"180\" height=\"180\" src=\"https:\/\/www.hydrek.sk\/wp-content\/uploads\/2018\/04\/hy60.jpg\" class=\"attachment-full size-full\" alt=\"\" loading=\"lazy\" srcset=\"https:\/\/www.hydrek.sk\/wp-content\/uploads\/2018\/04\/hy60.jpg 180w, https:\/\/www.hydrek.sk\/wp-content\/uploads\/2018\/04\/hy60-150x150.jpg 150w, https:\/\/www.hydrek.sk\/wp-content\/uploads\/2018\/04\/hy60-100x100.jpg 100w\" sizes=\"(max-width: 180px) 100vw, 180px\" \/><\/div><\/div><\/div><\/div><\/div><\/div><div id=\"panel-1451-2-1-1\" class=\"so-panel widget widget_black-studio-tinymce widget_black_studio_tinymce panel-last-child\" data-index=\"13\" ><div class=\"kt-pb-animation kt-pb-fadeInLeft kt-pb-duration-900 kt-pb-delay-300 panel-widget-style panel-widget-style-for-1451-2-1-1\" ><div class=\"textwidget\"><h3 class=\"design88\">Flexibilita - 7 dn\u00ed do t\u00fd\u017ed\u0148a sme schopn\u00ed vykona\u0165 opravu.<\/h3>\n<p>Sme presved\u010den\u00ed, \u017ee prvorad\u00fdm aspektom na\u0161ich klientov je \u010das, preto sa sna\u017e\u00edme, aby opravy trvali \u010do najkrat\u0161iu dobu.<\/p>\n<\/div><\/div><\/div><\/div><div id=\"pgc-1451-2-2\"  class=\"panel-grid-cell panel-grid-cell-empty\" ><\/div><\/div><\/div><\/div>","protected":false},"excerpt":{"rendered":"<p>20 ro\u010dn\u00e1 sk\u00fasenos\u0165, 14000 valcov M\u00e1me vy\u0161e 20 ro\u010dn\u00e9 sk\u00fasenosti v oblasti opr\u00e1v hydraulick\u00fdch valcov. Po\u010das tejto doby sme ri\u0161ili vy\u0161e 14000 opr\u00e1v. Sme r\u00fdchli. V prieme vyrie\u0161ime probl\u00e9m do 48 hod\u00edn. Iba 1,3% reklam\u00e1ci\u00ed. Najv\u00e4\u010d\u0161ou hodnotou a uznan\u00edm pre &hellip; <a class=\"kt-excerpt-readmore more-link\" href=\"https:\/\/www.hydrek.sk\/sk\/miert-a-hydrek\/\" aria-label=\"Pre\u010do Hydrek?\">Read More<\/a><\/p>\n","protected":false},"author":1,"featured_media":1274,"parent":0,"menu_order":0,"comment_status":"closed","ping_status":"closed","template":"","meta":[],"_links":{"self":[{"href":"https:\/\/www.hydrek.sk\/sk\/wp-json\/wp\/v2\/pages\/1451"}],"collection":[{"href":"https:\/\/www.hydrek.sk\/sk\/wp-json\/wp\/v2\/pages"}],"about":[{"href":"https:\/\/www.hydrek.sk\/sk\/wp-json\/wp\/v2\/types\/page"}],"author":[{"embeddable":true,"href":"https:\/\/www.hydrek.sk\/sk\/wp-json\/wp\/v2\/users\/1"}],"replies":[{"embeddable":true,"href":"https:\/\/www.hydrek.sk\/sk\/wp-json\/wp\/v2\/comments?post=1451"}],"version-history":[{"count":9,"href":"https:\/\/www.hydrek.sk\/sk\/wp-json\/wp\/v2\/pages\/1451\/revisions"}],"predecessor-version":[{"id":1559,"href":"https:\/\/www.hydrek.sk\/sk\/wp-json\/wp\/v2\/pages\/1451\/revisions\/1559"}],"wp:featuredmedia":[{"embeddable":true,"href":"https:\/\/www.hydrek.sk\/sk\/wp-json\/wp\/v2\/media\/1274"}],"wp:attachment":[{"href":"https:\/\/www.hydrek.sk\/sk\/wp-json\/wp\/v2\/media?parent=1451"}],"curies":[{"name":"wp","href":"https:\/\/api.w.org\/{rel}","templated":true}]}}